{"id":18,"date":"2016-12-02T13:33:06","date_gmt":"2016-12-02T13:33:06","guid":{"rendered":"http:\/\/staging.clientesmcbs.com\/pizzahut_ofertas\/?page_id=9"},"modified":"2020-06-04T10:41:46","modified_gmt":"2020-06-04T10:41:46","slug":"ofertas","status":"publish","type":"page","link":"https:\/\/clientesmcbs.com\/pizzahut-ofertas\/ofertas\/","title":{"rendered":"Ofertas Pizza Hut"},"content":{"rendered":"<div id='av_section_1'  class='avia-section av-kay4tam1-077f3562078877e4d4e6c1dda4ee7928 main_color avia-section-small avia-no-border-styling  avia-builder-el-0  el_before_av_section  avia-builder-el-first  avia-bg-style-scroll container_wrap fullsize'  ><div class='container av-section-cont-open' ><main  role=\"main\" itemprop=\"mainContentOfPage\"  class='template-page content  av-content-full alpha units'><div class='post-entry post-entry-type-page post-entry-18'><div class='entry-content-wrapper clearfix'>\n\n<style type=\"text\/css\" data-created_by=\"avia_inline_auto\" id=\"style-css-av-2204u-e37eb23c415f12908d14f268c621675b\">\n.avia-image-container.av-2204u-e37eb23c415f12908d14f268c621675b img.avia_image{\nbox-shadow:none;\n}\n.avia-image-container.av-2204u-e37eb23c415f12908d14f268c621675b .av-image-caption-overlay-center{\ncolor:#ffffff;\n}\n<\/style>\n<div  class='avia-image-container av-2204u-e37eb23c415f12908d14f268c621675b av-styling-no-styling avia_animated_image av-animated-when-visible-95 pop-up avia-align-center  avia-builder-el-1  avia-builder-el-no-sibling '   itemprop=\"image\" itemscope=\"itemscope\" itemtype=\"https:\/\/schema.org\/ImageObject\" ><div class=\"avia-image-container-inner\"><div class=\"avia-image-overlay-wrap\"><img decoding=\"async\" fetchpriority=\"high\" class='wp-image-244 avia-img-lazy-loading-not-244 avia_image ' src=\"https:\/\/clientesmcbs.com\/pizzahut-ofertas\/wp-content\/uploads\/2020\/06\/logo_pizzahut_2017_header_2.png\" alt='' title=''  height=\"85\" width=\"280\"  itemprop=\"thumbnailUrl\"  \/><\/div><\/div><\/div>\n\n<\/div><\/div><\/main><!-- close content main element --><\/div><\/div>\n<style type=\"text\/css\" data-created_by=\"avia_inline_auto\" id=\"style-css-av-2ojee-14a940992a65939cc1c0b51492018744\">\n.avia-section.av-2ojee-14a940992a65939cc1c0b51492018744{\nbackground-color:#df0f1b;\nbackground-image:unset;\n}\n<\/style>\n<div id='av_section_2'  class='avia-section av-2ojee-14a940992a65939cc1c0b51492018744 main_color avia-section-small avia-no-border-styling  avia-builder-el-2  el_after_av_section  el_before_av_masonry_gallery  avia-bg-style-fixed container_wrap fullsize'  ><div class='container av-section-cont-open' ><div class='template-page content  av-content-full alpha units'><div class='post-entry post-entry-type-page post-entry-18'><div class='entry-content-wrapper clearfix'>\n\n<style type=\"text\/css\" data-created_by=\"avia_inline_auto\" id=\"style-css-av-2204u-98ba4a75102fdd90ee263ab1d11e6772\">\n.avia-image-container.av-2204u-98ba4a75102fdd90ee263ab1d11e6772 img.avia_image{\nbox-shadow:none;\n}\n.avia-image-container.av-2204u-98ba4a75102fdd90ee263ab1d11e6772 .av-image-caption-overlay-center{\ncolor:#ffffff;\n}\n<\/style>\n<div  class='avia-image-container av-2204u-98ba4a75102fdd90ee263ab1d11e6772 av-styling-no-styling avia_animated_image av-animated-when-visible-95 pop-up avia-align-center  avia-builder-el-3  el_before_av_textblock  avia-builder-el-first '   itemprop=\"image\" itemscope=\"itemscope\" itemtype=\"https:\/\/schema.org\/ImageObject\" ><div class=\"avia-image-container-inner\"><div class=\"avia-image-overlay-wrap\"><img decoding=\"async\" fetchpriority=\"high\" class='wp-image- avia-img-lazy-loading-not- avia_image ' src=\"http:\/\/clientesmcbs.com\/pizzahut-ofertas\/wp-content\/uploads\/2020\/06\/header_home_3.png\" alt='' title=''   itemprop=\"thumbnailUrl\"  \/><\/div><\/div><\/div>\n\n<style type=\"text\/css\" data-created_by=\"avia_inline_auto\" id=\"style-css-av-1ek5i-9d4d5682fdd537e5a4fb90a37e6b39e8\">\n#top .av_textblock_section.av-1ek5i-9d4d5682fdd537e5a4fb90a37e6b39e8 .avia_textblock{\ncolor:#ffffff;\n}\n<\/style>\n<section  class='av_textblock_section av-1ek5i-9d4d5682fdd537e5a4fb90a37e6b39e8 '   itemscope=\"itemscope\" itemtype=\"https:\/\/schema.org\/CreativeWork\" ><div class='avia_textblock av_inherit_color'  itemprop=\"text\" ><h4 style=\"text-align: center;\">Agora j\u00e1 podes levar sempre contigo os descontos da Pizza Hut!<\/h4>\n<p style=\"text-align: center;\">Para poderes usufruir das nossas ofertas sempre que quiseres e as vezes que te apetecer,<br \/>\nbasta mostrares a que pretendes no teu smartphone!<br \/>\nSe ainda preferes andar com as ofertas na carteira, podes sempre fazer o download do <a href=\"#\"><strong><u>folheto em PDF<\/u><\/strong><\/a>.<\/p>\n<h4 style=\"text-align: center;\">Clica nas Ofertas em baixo, para as partilhares com os teus amigos.<\/h4>\n<\/div><\/section>\n\n\n\n<style type=\"text\/css\" data-created_by=\"avia_inline_auto\" id=\"style-css-av-2pzy2-71b2c1462e8f46d8a06265fb49e32e94\">\n.avia-section.av-2pzy2-71b2c1462e8f46d8a06265fb49e32e94{\nbackground-color:#222222;\nbackground-image:unset;\n}\n<\/style>\n<div id='av_section_3'  class='avia-section av-2pzy2-71b2c1462e8f46d8a06265fb49e32e94 alternate_color avia-section-small avia-no-border-styling  avia-builder-el-6  el_after_av_masonry_gallery  avia-builder-el-last  avia-bg-style-scroll container_wrap fullsize'  ><div class='container av-section-cont-open' ><div class='template-page content  av-content-full alpha units'><div class='post-entry post-entry-type-page post-entry-18'><div class='entry-content-wrapper clearfix'>\n\n<style type=\"text\/css\" data-created_by=\"avia_inline_auto\" id=\"style-css-av-kay6k7sc-631fc7db59497140e0fa7ba2665b5377\">\n#top .hr.hr-invisible.av-kay6k7sc-631fc7db59497140e0fa7ba2665b5377{\nheight:15px;\n}\n<\/style>\n<div  class='hr av-kay6k7sc-631fc7db59497140e0fa7ba2665b5377 hr-invisible  avia-builder-el-7  el_before_av_one_third  avia-builder-el-first '><span class='hr-inner '><span class=\"hr-inner-style\"><\/span><\/span><\/div>\n\n<style type=\"text\/css\" data-created_by=\"avia_inline_auto\" id=\"style-css-av-22o4q-5401b4486ba66bdf0071b2c6b8d7d4bf\">\n.flex_column.av-22o4q-5401b4486ba66bdf0071b2c6b8d7d4bf{\nborder-radius:0px 0px 0px 0px;\npadding:0px 0px 0px 0px;\n}\n<\/style>\n<div  class='flex_column av-22o4q-5401b4486ba66bdf0071b2c6b8d7d4bf av_one_third  avia-builder-el-8  el_after_av_hr  el_before_av_one_third  first flex_column_div av-zero-column-padding  '     ><div  class='avia-builder-widget-area clearfix  avia-builder-el-9  avia-builder-el-no-sibling '><section id=\"text-3\" class=\"widget clearfix widget_text\"><h3 class=\"widgettitle\">VISITA O NOSSO SITE<\/h3>\t\t\t<div class=\"textwidget\"><p><a href=\"https:\/\/www.pizzahut.pt\" target=\"_blank\" rel=\"noopener\"><img decoding=\"async\" src=\"https:\/\/clientesmcbs.com\/pizzahut-ofertas\/wp-content\/uploads\/2020\/06\/logo.pizzahut_color_footer.png\" \/><\/a><\/p>\n<\/div>\n\t\t<span class=\"seperator extralight-border\"><\/span><\/section><\/div><\/div>\n<style type=\"text\/css\" data-created_by=\"avia_inline_auto\" id=\"style-css-av-1gd76-5416d3ae29f59705fad5548476303d5d\">\n.flex_column.av-1gd76-5416d3ae29f59705fad5548476303d5d{\nborder-radius:0px 0px 0px 0px;\npadding:0px 0px 0px 0px;\n}\n<\/style>\n<div  class='flex_column av-1gd76-5416d3ae29f59705fad5548476303d5d av_one_third  avia-builder-el-10  el_after_av_one_third  el_before_av_one_third  flex_column_div av-zero-column-padding  '     ><div  class='avia-builder-widget-area clearfix  avia-builder-el-11  avia-builder-el-no-sibling '><section id=\"lsi_widget-2\" class=\"widget clearfix widget_lsi_widget\"><h3 class=\"widgettitle\">SEGUE-NOS<\/h3><ul class=\"lsi-social-icons icon-set-lsi_widget-2\" style=\"text-align: left\"><li class=\"lsi-social-facebook\"><a class=\"\" rel=\"nofollow noopener noreferrer\" title=\"Facebook\" aria-label=\"Facebook\" href=\"https:\/\/www.facebook.com\/pizzahutportugal\" target=\"_blank\"><i class=\"lsicon lsicon-facebook\"><\/i><\/a><\/li><li class=\"lsi-social-youtube\"><a class=\"\" rel=\"nofollow noopener noreferrer\" title=\"YouTube\" aria-label=\"YouTube\" href=\"https:\/\/www.youtube.com\/pizzahutpt\" target=\"_blank\"><i class=\"lsicon lsicon-youtube\"><\/i><\/a><\/li><li class=\"lsi-social-instagram\"><a class=\"\" rel=\"nofollow noopener noreferrer\" title=\"Instagram\" aria-label=\"Instagram\" href=\"https:\/\/www.instagram.com\/pizzahutportugal\/\" target=\"_blank\"><i class=\"lsicon lsicon-instagram\"><\/i><\/a><\/li><\/ul><span class=\"seperator extralight-border\"><\/span><\/section><\/div><\/div>\n<style type=\"text\/css\" data-created_by=\"avia_inline_auto\" id=\"style-css-av-rd1m-2b7dd24789a5e6a3adb0cecde4f53a86\">\n.flex_column.av-rd1m-2b7dd24789a5e6a3adb0cecde4f53a86{\nborder-radius:0px 0px 0px 0px;\npadding:0px 0px 0px 0px;\n}\n<\/style>\n<div  class='flex_column av-rd1m-2b7dd24789a5e6a3adb0cecde4f53a86 av_one_third  avia-builder-el-12  el_after_av_one_third  avia-builder-el-last  flex_column_div av-zero-column-padding  '     ><div  class='avia-builder-widget-area clearfix  avia-builder-el-13  avia-builder-el-no-sibling '><section id=\"sib_subscribe_form-2\" class=\"widget clearfix widget_sib_subscribe_form\"><h3 class=\"widgettitle\">Subscrever Newsletter<\/h3>\n\t\t\t<form id=\"sib_signup_form_1\" method=\"post\" class=\"sib_signup_form\">\n\t\t\t\t<div class=\"sib_loader\" style=\"display:none;\"><img\n\t\t\t\t\t\t\tsrc=\"https:\/\/clientesmcbs.com\/pizzahut-ofertas\/wp-includes\/images\/spinner.gif\" alt=\"loader\"><\/div>\n\t\t\t\t<input type=\"hidden\" name=\"sib_form_action\" value=\"subscribe_form_submit\">\n\t\t\t\t<input type=\"hidden\" name=\"sib_form_id\" value=\"1\">\n                <input type=\"hidden\" name=\"sib_form_alert_notice\" value=\"Campo de preenchimento obrigat\u00f3rio\">\n                <input type=\"hidden\" name=\"sib_form_invalid_email_notice\" value=\"O email indicado n\u00e3o \u00e9 v\u00e1lido\">\n                <input type=\"hidden\" name=\"sib_security\" value=\"f46b97faa9\">\n\t\t\t\t<div class=\"sib_signup_box_inside_1\">\n\t\t\t\t\t<div style=\"\/*display:none*\/\" class=\"sib_msg_disp\">\n\t\t\t\t\t<\/div>\n                    \t\t\t\t\t<p class=\"sib-email-area\">\r\n    <label class=\"sib-email-area\">Email *<\/label>\r\n    <input type=\"email\" class=\"sib-email-area\" name=\"email\" required=\"required\">\r\n<\/p>\r\n<p class=\"sib-NOME-area\"> \r\n    <label class=\"sib-NOME-area\">Nome<\/label> \r\n    <input type=\"text\" class=\"sib-NOME-area\" name=\"NOME\" placeholder=\"(opcional)\"> \r\n<\/p>\r\n<p>\r\n    <input type=\"submit\" class=\"sib-default-btn\" value=\"ENVIAR\">\r\n<\/p>\r\n\t\t\t\t<\/div>\n\t\t\t<\/form>\n\t\t\t<style>\n\t\t\t\tform#sib_signup_form_1 p.sib-alert-message {\n    padding: 6px 12px;\n    margin-bottom: 20px;\n    border: 1px solid transparent;\n    border-radius: 4px;\n    -webkit-box-sizing: border-box;\n    -moz-box-sizing: border-box;\n    box-sizing: border-box;\n}\nform#sib_signup_form_1 p.sib-alert-message-error {\n    background-color: #f2dede;\n    border-color: #ebccd1;\n    color: #a94442;\n}\nform#sib_signup_form_1 p.sib-alert-message-success {\n    background-color: #dff0d8;\n    border-color: #d6e9c6;\n    color: #3c763d;\n}\nform#sib_signup_form_1 p.sib-alert-message-warning {\n    background-color: #fcf8e3;\n    border-color: #faebcc;\n    color: #8a6d3b;\n}\n\t\t\t<\/style>\n\t\t\t<span class=\"seperator extralight-border\"><\/span><\/section><\/div><\/div>\n\n","protected":false},"excerpt":{"rendered":"","protected":false},"author":1,"featured_media":0,"parent":0,"menu_order":0,"comment_status":"open","ping_status":"closed","template":"template-blank.php","meta":{"footnotes":""},"class_list":["post-18","page","type-page","status-publish","hentry"],"yoast_head":"<!-- This site is optimized with the Yoast SEO plugin v25.3.1 - https:\/\/yoast.com\/wordpress\/plugins\/seo\/ -->\n<title>Ofertas Pizza Hut - Pizza Hut<\/title>\n<meta name=\"robots\" content=\"noindex, follow, max-snippet:-1, max-image-preview:large, max-video-preview:-1\" \/>\n<meta property=\"og:locale\" content=\"pt_PT\" \/>\n<meta property=\"og:type\" content=\"article\" \/>\n<meta property=\"og:title\" content=\"Ofertas Pizza Hut - Pizza Hut\" \/>\n<meta property=\"og:url\" content=\"https:\/\/clientesmcbs.com\/pizzahut-ofertas\/ofertas\/\" \/>\n<meta property=\"og:site_name\" content=\"Pizza Hut\" \/>\n<meta property=\"article:modified_time\" content=\"2020-06-04T10:41:46+00:00\" \/>\n<meta name=\"twitter:card\" content=\"summary_large_image\" \/>\n<meta name=\"twitter:label1\" content=\"Tempo estimado de leitura\" \/>\n\t<meta name=\"twitter:data1\" content=\"6 minutos\" \/>\n<script type=\"application\/ld+json\" class=\"yoast-schema-graph\">{\"@context\":\"https:\/\/schema.org\",\"@graph\":[{\"@type\":\"WebPage\",\"@id\":\"https:\/\/clientesmcbs.com\/pizzahut-ofertas\/ofertas\/\",\"url\":\"https:\/\/clientesmcbs.com\/pizzahut-ofertas\/ofertas\/\",\"name\":\"Ofertas Pizza Hut - Pizza Hut\",\"isPartOf\":{\"@id\":\"https:\/\/clientesmcbs.com\/pizzahut-ofertas\/#website\"},\"datePublished\":\"2016-12-02T13:33:06+00:00\",\"dateModified\":\"2020-06-04T10:41:46+00:00\",\"breadcrumb\":{\"@id\":\"https:\/\/clientesmcbs.com\/pizzahut-ofertas\/ofertas\/#breadcrumb\"},\"inLanguage\":\"pt-PT\",\"potentialAction\":[{\"@type\":\"ReadAction\",\"target\":[\"https:\/\/clientesmcbs.com\/pizzahut-ofertas\/ofertas\/\"]}]},{\"@type\":\"BreadcrumbList\",\"@id\":\"https:\/\/clientesmcbs.com\/pizzahut-ofertas\/ofertas\/#breadcrumb\",\"itemListElement\":[{\"@type\":\"ListItem\",\"position\":1,\"name\":\"In\u00edcio\",\"item\":\"https:\/\/clientesmcbs.com\/pizzahut-ofertas\/home\/\"},{\"@type\":\"ListItem\",\"position\":2,\"name\":\"Ofertas Pizza Hut\"}]},{\"@type\":\"WebSite\",\"@id\":\"https:\/\/clientesmcbs.com\/pizzahut-ofertas\/#website\",\"url\":\"https:\/\/clientesmcbs.com\/pizzahut-ofertas\/\",\"name\":\"Pizza Hut\",\"description\":\"Encontra aqui os melhores descontos que temos para ti.\",\"potentialAction\":[{\"@type\":\"SearchAction\",\"target\":{\"@type\":\"EntryPoint\",\"urlTemplate\":\"https:\/\/clientesmcbs.com\/pizzahut-ofertas\/?s={search_term_string}\"},\"query-input\":{\"@type\":\"PropertyValueSpecification\",\"valueRequired\":true,\"valueName\":\"search_term_string\"}}],\"inLanguage\":\"pt-PT\"}]}<\/script>\n<!-- \/ Yoast SEO plugin. -->","yoast_head_json":{"title":"Ofertas Pizza Hut - Pizza Hut","robots":{"index":"noindex","follow":"follow","max-snippet":"max-snippet:-1","max-image-preview":"max-image-preview:large","max-video-preview":"max-video-preview:-1"},"og_locale":"pt_PT","og_type":"article","og_title":"Ofertas Pizza Hut - Pizza Hut","og_url":"https:\/\/clientesmcbs.com\/pizzahut-ofertas\/ofertas\/","og_site_name":"Pizza Hut","article_modified_time":"2020-06-04T10:41:46+00:00","twitter_card":"summary_large_image","twitter_misc":{"Tempo estimado de leitura":"6 minutos"},"schema":{"@context":"https:\/\/schema.org","@graph":[{"@type":"WebPage","@id":"https:\/\/clientesmcbs.com\/pizzahut-ofertas\/ofertas\/","url":"https:\/\/clientesmcbs.com\/pizzahut-ofertas\/ofertas\/","name":"Ofertas Pizza Hut - Pizza Hut","isPartOf":{"@id":"https:\/\/clientesmcbs.com\/pizzahut-ofertas\/#website"},"datePublished":"2016-12-02T13:33:06+00:00","dateModified":"2020-06-04T10:41:46+00:00","breadcrumb":{"@id":"https:\/\/clientesmcbs.com\/pizzahut-ofertas\/ofertas\/#breadcrumb"},"inLanguage":"pt-PT","potentialAction":[{"@type":"ReadAction","target":["https:\/\/clientesmcbs.com\/pizzahut-ofertas\/ofertas\/"]}]},{"@type":"BreadcrumbList","@id":"https:\/\/clientesmcbs.com\/pizzahut-ofertas\/ofertas\/#breadcrumb","itemListElement":[{"@type":"ListItem","position":1,"name":"In\u00edcio","item":"https:\/\/clientesmcbs.com\/pizzahut-ofertas\/home\/"},{"@type":"ListItem","position":2,"name":"Ofertas Pizza Hut"}]},{"@type":"WebSite","@id":"https:\/\/clientesmcbs.com\/pizzahut-ofertas\/#website","url":"https:\/\/clientesmcbs.com\/pizzahut-ofertas\/","name":"Pizza Hut","description":"Encontra aqui os melhores descontos que temos para ti.","potentialAction":[{"@type":"SearchAction","target":{"@type":"EntryPoint","urlTemplate":"https:\/\/clientesmcbs.com\/pizzahut-ofertas\/?s={search_term_string}"},"query-input":{"@type":"PropertyValueSpecification","valueRequired":true,"valueName":"search_term_string"}}],"inLanguage":"pt-PT"}]}},"_links":{"self":[{"href":"https:\/\/clientesmcbs.com\/pizzahut-ofertas\/wp-json\/wp\/v2\/pages\/18","targetHints":{"allow":["GET"]}}],"collection":[{"href":"https:\/\/clientesmcbs.com\/pizzahut-ofertas\/wp-json\/wp\/v2\/pages"}],"about":[{"href":"https:\/\/clientesmcbs.com\/pizzahut-ofertas\/wp-json\/wp\/v2\/types\/page"}],"author":[{"embeddable":true,"href":"https:\/\/clientesmcbs.com\/pizzahut-ofertas\/wp-json\/wp\/v2\/users\/1"}],"replies":[{"embeddable":true,"href":"https:\/\/clientesmcbs.com\/pizzahut-ofertas\/wp-json\/wp\/v2\/comments?post=18"}],"version-history":[{"count":21,"href":"https:\/\/clientesmcbs.com\/pizzahut-ofertas\/wp-json\/wp\/v2\/pages\/18\/revisions"}],"predecessor-version":[{"id":1105,"href":"https:\/\/clientesmcbs.com\/pizzahut-ofertas\/wp-json\/wp\/v2\/pages\/18\/revisions\/1105"}],"wp:attachment":[{"href":"https:\/\/clientesmcbs.com\/pizzahut-ofertas\/wp-json\/wp\/v2\/media?parent=18"}],"curies":[{"name":"wp","href":"https:\/\/api.w.org\/{rel}","templated":true}]}}